{"id":2844,"date":"2026-05-15T09:46:53","date_gmt":"1970-01-01T00:00:00","guid":{"rendered":"https:\/\/demo2.chethemes.com\/electro\/?page_id=2844"},"modified":"2026-05-15T09:17:20","modified_gmt":"2026-05-15T09:17:20","slug":"directoria","status":"publish","type":"page","link":"https:\/\/loja-solar.pt\/en\/directoria\/","title":{"rendered":"Shop Directory"},"content":{"rendered":"<div class=\"electro-store-directory clearfix\">\n\t\t\t<hr class=\"no-margin\">\n\t\t\t<div class=\"widget woocommerce widget_product_categories\"><h2 class=\"widgettitle\">Product categories<\/h2><ul class=\"product-categories\"><li class=\"cat-item cat-item-315 cat-parent\"><a href=\"https:\/\/loja-solar.pt\/en\/product-category\/aquecimento-central\/\">Aquecimento Central<\/a><ul class='children'>\n<li class=\"cat-item cat-item-316\"><a href=\"https:\/\/loja-solar.pt\/en\/product-category\/aquecimento-central\/acessorios-aquecimento-central\/\">Acess\u00f3rios<\/a><\/li>\n<\/ul>\n<\/li>\n<li class=\"cat-item cat-item-313 cat-parent\"><a href=\"https:\/\/loja-solar.pt\/en\/product-category\/bombas-de-agua\/\">Bombas de \u00c1gua<\/a><ul class='children'>\n<li class=\"cat-item cat-item-314\"><a href=\"https:\/\/loja-solar.pt\/en\/product-category\/bombas-de-agua\/acessorios\/\">Acess\u00f3rios<\/a><\/li>\n<\/ul>\n<\/li>\n<li class=\"cat-item cat-item-312 cat-parent\"><a href=\"https:\/\/loja-solar.pt\/en\/product-category\/caldeiras\/\">Caldeiras<\/a><ul class='children'>\n<li class=\"cat-item cat-item-311\"><a href=\"https:\/\/loja-solar.pt\/en\/product-category\/caldeiras\/acessorios-caldeiras\/\">Acess\u00f3rios<\/a><\/li>\n<\/ul>\n<\/li>\n<li class=\"cat-item cat-item-306\"><a href=\"https:\/\/loja-solar.pt\/en\/product-category\/destaques\/\">Featured<\/a><\/li>\n<li class=\"cat-item cat-item-308 cat-parent\"><a href=\"https:\/\/loja-solar.pt\/en\/product-category\/painel-solar\/\">Painel Solar<\/a><ul class='children'>\n<li class=\"cat-item cat-item-307\"><a href=\"https:\/\/loja-solar.pt\/en\/product-category\/painel-solar\/acessorios-painel-solar-termico\/\">Acess\u00f3rios<\/a><\/li>\n<\/ul>\n<\/li>\n<li class=\"cat-item cat-item-305\"><a href=\"https:\/\/loja-solar.pt\/en\/product-category\/promocoes\/\">Promotions<\/a><\/li>\n<li class=\"cat-item cat-item-17\"><a href=\"https:\/\/loja-solar.pt\/en\/product-category\/sem-categoria\/\">Sem categoria<\/a><\/li>\n<\/ul><\/div>\t\t<\/div>","protected":false},"excerpt":{"rendered":"Product categoriesAquecimento Central Acess\u00f3rios Bombas de \u00c1gua Acess\u00f3rios Caldeiras Acess\u00f3rios Destaques Painel Solar Acess\u00f3rios Promo\u00e7\u00f5es Sem categoria","protected":false},"author":1,"featured_media":0,"parent":0,"menu_order":0,"comment_status":"closed","ping_status":"closed","template":"","meta":{"footnotes":""},"class_list":["post-2844","page","type-page","status-publish","hentry"],"jetpack_sharing_enabled":true,"jetpack_shortlink":"https:\/\/wp.me\/PalKWt-JS","_links":{"self":[{"href":"https:\/\/loja-solar.pt\/en\/wp-json\/wp\/v2\/pages\/2844","targetHints":{"allow":["GET"]}}],"collection":[{"href":"https:\/\/loja-solar.pt\/en\/wp-json\/wp\/v2\/pages"}],"about":[{"href":"https:\/\/loja-solar.pt\/en\/wp-json\/wp\/v2\/types\/page"}],"author":[{"embeddable":true,"href":"https:\/\/loja-solar.pt\/en\/wp-json\/wp\/v2\/users\/1"}],"replies":[{"embeddable":true,"href":"https:\/\/loja-solar.pt\/en\/wp-json\/wp\/v2\/comments?post=2844"}],"version-history":[{"count":1,"href":"https:\/\/loja-solar.pt\/en\/wp-json\/wp\/v2\/pages\/2844\/revisions"}],"predecessor-version":[{"id":5548,"href":"https:\/\/loja-solar.pt\/en\/wp-json\/wp\/v2\/pages\/2844\/revisions\/5548"}],"wp:attachment":[{"href":"https:\/\/loja-solar.pt\/en\/wp-json\/wp\/v2\/media?parent=2844"}],"curies":[{"name":"wp","href":"https:\/\/api.w.org\/{rel}","templated":true}]}}